{"id":11,"date":"2024-09-11T22:07:18","date_gmt":"2024-09-11T20:07:18","guid":{"rendered":"https:\/\/itservice-mk.de\/?page_id=11"},"modified":"2025-05-18T20:03:31","modified_gmt":"2025-05-18T18:03:31","slug":"test","status":"publish","type":"page","link":"https:\/\/itservice-mk.de\/index.php\/test\/","title":{"rendered":"Impressum"},"content":{"rendered":"\n<p><\/p>\n\n\n\n<p><strong>Angaben gem\u00e4\u00df \u00a7 5 TMG<\/strong><\/p>\n\n\n\n<p>ITservice MK<br>Inhaber: Meik Knoblich<br>Wilhelmsplatz 6<br>31785 Hameln<br>Deutschland<\/p>\n\n\n\n<p>Telefon: 0178 3320999<br>E-Mail:\u00a0<a href=\"mailto:info@itservice-mk.de\" target=\"_blank\" rel=\"noreferrer noopener\">info@itservice-mk.de<\/a><\/p>\n\n\n\n<p><strong>Umsatzsteuer-ID:<\/strong><br>Gem\u00e4\u00df \u00a7 19 UStG wird keine Umsatzsteuer berechnet.<\/p>\n\n\n\n<p><strong>Verantwortlich f\u00fcr den Inhalt nach \u00a7 55 Abs. 2 RStV:<\/strong><br>Meik Knoblich<br>Wilhelmsplatz 6<br>31785 Hameln<\/p>\n\n\n\n<hr class=\"wp-block-separator has-alpha-channel-opacity\"\/>\n\n\n\n<p><strong>Hinweis:<\/strong><br>Dies ist ein Kleinunternehmen im Sinne von \u00a7 19 UStG.<\/p>\n\n\n\n<hr class=\"wp-block-separator has-alpha-channel-opacity\"\/>\n\n\n\n<p><strong>Haftungsausschluss:<\/strong><br>Trotz sorgf\u00e4ltiger inhaltlicher Kontrolle \u00fcbernehmen wir keine Haftung f\u00fcr die Inhalte externer Links. F\u00fcr den Inhalt der verlinkten Seiten sind ausschlie\u00dflich deren Betreiber verantwortlich.<\/p>\n","protected":false},"excerpt":{"rendered":"<p>Angaben gem\u00e4\u00df \u00a7 5 TMG ITservice MKInhaber: Meik KnoblichWilhelmsplatz 631785 HamelnDeutschland Telefon: 0178 3320999E-Mail:\u00a0info@itservice-mk.de Umsatzsteuer-ID:Gem\u00e4\u00df \u00a7 19 UStG wird keine Umsatzsteuer berechnet. Verantwortlich f\u00fcr den Inhalt nach \u00a7 55 Abs. 2 RStV:Meik KnoblichWilhelmsplatz 631785 Hameln Hinweis:Dies ist ein Kleinunternehmen im Sinne von \u00a7 19 UStG. Haftungsausschluss:Trotz sorgf\u00e4ltiger inhaltlicher Kontrolle \u00fcbernehmen wir keine Haftung f\u00fcr die [&hellip;]<\/p>\n","protected":false},"author":1,"featured_media":0,"parent":0,"menu_order":0,"comment_status":"closed","ping_status":"closed","template":"","meta":{"footnotes":""},"class_list":["post-11","page","type-page","status-publish","hentry"],"yoast_head":"<!-- This site is optimized with the Yoast SEO plugin v25.8 - https:\/\/yoast.com\/wordpress\/plugins\/seo\/ -->\n<title>Impressum - Home<\/title>\n<meta name=\"robots\" content=\"index, follow, max-snippet:-1, max-image-preview:large, max-video-preview:-1\" \/>\n<link rel=\"canonical\" href=\"https:\/\/itservice-mk.de\/index.php\/test\/\" \/>\n<meta property=\"og:locale\" content=\"de_DE\" \/>\n<meta property=\"og:type\" content=\"article\" \/>\n<meta property=\"og:title\" content=\"Impressum - Home\" \/>\n<meta property=\"og:description\" content=\"Angaben gem\u00e4\u00df \u00a7 5 TMG ITservice MKInhaber: Meik KnoblichWilhelmsplatz 631785 HamelnDeutschland Telefon: 0178 3320999E-Mail:\u00a0info@itservice-mk.de Umsatzsteuer-ID:Gem\u00e4\u00df \u00a7 19 UStG wird keine Umsatzsteuer berechnet. Verantwortlich f\u00fcr den Inhalt nach \u00a7 55 Abs. 2 RStV:Meik KnoblichWilhelmsplatz 631785 Hameln Hinweis:Dies ist ein Kleinunternehmen im Sinne von \u00a7 19 UStG. Haftungsausschluss:Trotz sorgf\u00e4ltiger inhaltlicher Kontrolle \u00fcbernehmen wir keine Haftung f\u00fcr die [&hellip;]\" \/>\n<meta property=\"og:url\" content=\"https:\/\/itservice-mk.de\/index.php\/test\/\" \/>\n<meta property=\"og:site_name\" content=\"Home\" \/>\n<meta property=\"article:modified_time\" content=\"2025-05-18T18:03:31+00:00\" \/>\n<meta name=\"twitter:card\" content=\"summary_large_image\" \/>\n<meta name=\"twitter:label1\" content=\"Gesch\u00e4tzte Lesezeit\" \/>\n\t<meta name=\"twitter:data1\" content=\"1\u00a0Minute\" \/>\n<script type=\"application\/ld+json\" class=\"yoast-schema-graph\">{\"@context\":\"https:\/\/schema.org\",\"@graph\":[{\"@type\":\"WebPage\",\"@id\":\"https:\/\/itservice-mk.de\/index.php\/test\/\",\"url\":\"https:\/\/itservice-mk.de\/index.php\/test\/\",\"name\":\"Impressum - Home\",\"isPartOf\":{\"@id\":\"https:\/\/itservice-mk.de\/#website\"},\"datePublished\":\"2024-09-11T20:07:18+00:00\",\"dateModified\":\"2025-05-18T18:03:31+00:00\",\"breadcrumb\":{\"@id\":\"https:\/\/itservice-mk.de\/index.php\/test\/#breadcrumb\"},\"inLanguage\":\"de\",\"potentialAction\":[{\"@type\":\"ReadAction\",\"target\":[\"https:\/\/itservice-mk.de\/index.php\/test\/\"]}]},{\"@type\":\"BreadcrumbList\",\"@id\":\"https:\/\/itservice-mk.de\/index.php\/test\/#breadcrumb\",\"itemListElement\":[{\"@type\":\"ListItem\",\"position\":1,\"name\":\"Startseite\",\"item\":\"https:\/\/itservice-mk.de\/\"},{\"@type\":\"ListItem\",\"position\":2,\"name\":\"Impressum\"}]},{\"@type\":\"WebSite\",\"@id\":\"https:\/\/itservice-mk.de\/#website\",\"url\":\"https:\/\/itservice-mk.de\/\",\"name\":\"Home\",\"description\":\"Ihr IT-Dienstleister f\u00fcr Hameln-Pyrmont\",\"potentialAction\":[{\"@type\":\"SearchAction\",\"target\":{\"@type\":\"EntryPoint\",\"urlTemplate\":\"https:\/\/itservice-mk.de\/?s={search_term_string}\"},\"query-input\":{\"@type\":\"PropertyValueSpecification\",\"valueRequired\":true,\"valueName\":\"search_term_string\"}}],\"inLanguage\":\"de\"}]}<\/script>\n<!-- \/ Yoast SEO plugin. -->","yoast_head_json":{"title":"Impressum - Home","robots":{"index":"index","follow":"follow","max-snippet":"max-snippet:-1","max-image-preview":"max-image-preview:large","max-video-preview":"max-video-preview:-1"},"canonical":"https:\/\/itservice-mk.de\/index.php\/test\/","og_locale":"de_DE","og_type":"article","og_title":"Impressum - Home","og_description":"Angaben gem\u00e4\u00df \u00a7 5 TMG ITservice MKInhaber: Meik KnoblichWilhelmsplatz 631785 HamelnDeutschland Telefon: 0178 3320999E-Mail:\u00a0info@itservice-mk.de Umsatzsteuer-ID:Gem\u00e4\u00df \u00a7 19 UStG wird keine Umsatzsteuer berechnet. Verantwortlich f\u00fcr den Inhalt nach \u00a7 55 Abs. 2 RStV:Meik KnoblichWilhelmsplatz 631785 Hameln Hinweis:Dies ist ein Kleinunternehmen im Sinne von \u00a7 19 UStG. Haftungsausschluss:Trotz sorgf\u00e4ltiger inhaltlicher Kontrolle \u00fcbernehmen wir keine Haftung f\u00fcr die [&hellip;]","og_url":"https:\/\/itservice-mk.de\/index.php\/test\/","og_site_name":"Home","article_modified_time":"2025-05-18T18:03:31+00:00","twitter_card":"summary_large_image","twitter_misc":{"Gesch\u00e4tzte Lesezeit":"1\u00a0Minute"},"schema":{"@context":"https:\/\/schema.org","@graph":[{"@type":"WebPage","@id":"https:\/\/itservice-mk.de\/index.php\/test\/","url":"https:\/\/itservice-mk.de\/index.php\/test\/","name":"Impressum - Home","isPartOf":{"@id":"https:\/\/itservice-mk.de\/#website"},"datePublished":"2024-09-11T20:07:18+00:00","dateModified":"2025-05-18T18:03:31+00:00","breadcrumb":{"@id":"https:\/\/itservice-mk.de\/index.php\/test\/#breadcrumb"},"inLanguage":"de","potentialAction":[{"@type":"ReadAction","target":["https:\/\/itservice-mk.de\/index.php\/test\/"]}]},{"@type":"BreadcrumbList","@id":"https:\/\/itservice-mk.de\/index.php\/test\/#breadcrumb","itemListElement":[{"@type":"ListItem","position":1,"name":"Startseite","item":"https:\/\/itservice-mk.de\/"},{"@type":"ListItem","position":2,"name":"Impressum"}]},{"@type":"WebSite","@id":"https:\/\/itservice-mk.de\/#website","url":"https:\/\/itservice-mk.de\/","name":"Home","description":"Ihr IT-Dienstleister f\u00fcr Hameln-Pyrmont","potentialAction":[{"@type":"SearchAction","target":{"@type":"EntryPoint","urlTemplate":"https:\/\/itservice-mk.de\/?s={search_term_string}"},"query-input":{"@type":"PropertyValueSpecification","valueRequired":true,"valueName":"search_term_string"}}],"inLanguage":"de"}]}},"jetpack_sharing_enabled":true,"_links":{"self":[{"href":"https:\/\/itservice-mk.de\/index.php\/wp-json\/wp\/v2\/pages\/11","targetHints":{"allow":["GET"]}}],"collection":[{"href":"https:\/\/itservice-mk.de\/index.php\/wp-json\/wp\/v2\/pages"}],"about":[{"href":"https:\/\/itservice-mk.de\/index.php\/wp-json\/wp\/v2\/types\/page"}],"author":[{"embeddable":true,"href":"https:\/\/itservice-mk.de\/index.php\/wp-json\/wp\/v2\/users\/1"}],"replies":[{"embeddable":true,"href":"https:\/\/itservice-mk.de\/index.php\/wp-json\/wp\/v2\/comments?post=11"}],"version-history":[{"count":4,"href":"https:\/\/itservice-mk.de\/index.php\/wp-json\/wp\/v2\/pages\/11\/revisions"}],"predecessor-version":[{"id":25,"href":"https:\/\/itservice-mk.de\/index.php\/wp-json\/wp\/v2\/pages\/11\/revisions\/25"}],"wp:attachment":[{"href":"https:\/\/itservice-mk.de\/index.php\/wp-json\/wp\/v2\/media?parent=11"}],"curies":[{"name":"wp","href":"https:\/\/api.w.org\/{rel}","templated":true}]}}